{"id":136,"date":"2021-07-17T21:21:36","date_gmt":"2021-07-17T19:21:36","guid":{"rendered":"https:\/\/www.heidihempel.de\/hemblogski\/?page_id=136"},"modified":"2021-07-18T10:59:50","modified_gmt":"2021-07-18T08:59:50","slug":"youtube","status":"publish","type":"page","link":"https:\/\/www.heidihempel.de\/hemblogski\/?page_id=136","title":{"rendered":"YouTube"},"content":{"rendered":"<p><img loading=\"lazy\" decoding=\"async\" class=\"aligncenter size-full wp-image-137\" src=\"http:\/\/www.heidihempel.de\/hemblogski\/wp-content\/uploads\/2021\/07\/d2McVuyqbwuj40JsUrPQ7iopqmZbnkzym4FlLAVhSJdtnOzKx1rLFvHl2F1IffKOlOFGU55gKAw1707-fcrop64100005a57ffffa5a8-k-c0xffffffff-no-nd-rj.jpeg\" alt=\"\" width=\"1707\" height=\"282\" srcset=\"https:\/\/www.heidihempel.de\/hemblogski\/wp-content\/uploads\/2021\/07\/d2McVuyqbwuj40JsUrPQ7iopqmZbnkzym4FlLAVhSJdtnOzKx1rLFvHl2F1IffKOlOFGU55gKAw1707-fcrop64100005a57ffffa5a8-k-c0xffffffff-no-nd-rj.jpeg 1707w, https:\/\/www.heidihempel.de\/hemblogski\/wp-content\/uploads\/2021\/07\/d2McVuyqbwuj40JsUrPQ7iopqmZbnkzym4FlLAVhSJdtnOzKx1rLFvHl2F1IffKOlOFGU55gKAw1707-fcrop64100005a57ffffa5a8-k-c0xffffffff-no-nd-rj-300x50.jpeg 300w, https:\/\/www.heidihempel.de\/hemblogski\/wp-content\/uploads\/2021\/07\/d2McVuyqbwuj40JsUrPQ7iopqmZbnkzym4FlLAVhSJdtnOzKx1rLFvHl2F1IffKOlOFGU55gKAw1707-fcrop64100005a57ffffa5a8-k-c0xffffffff-no-nd-rj-1024x169.jpeg 1024w, https:\/\/www.heidihempel.de\/hemblogski\/wp-content\/uploads\/2021\/07\/d2McVuyqbwuj40JsUrPQ7iopqmZbnkzym4FlLAVhSJdtnOzKx1rLFvHl2F1IffKOlOFGU55gKAw1707-fcrop64100005a57ffffa5a8-k-c0xffffffff-no-nd-rj-768x127.jpeg 768w, https:\/\/www.heidihempel.de\/hemblogski\/wp-content\/uploads\/2021\/07\/d2McVuyqbwuj40JsUrPQ7iopqmZbnkzym4FlLAVhSJdtnOzKx1rLFvHl2F1IffKOlOFGU55gKAw1707-fcrop64100005a57ffffa5a8-k-c0xffffffff-no-nd-rj-1536x254.jpeg 1536w\" sizes=\"auto, (max-width: 1707px) 100vw, 1707px\" \/><\/p>\n<p><a href=\"https:\/\/youtu.be\/gDxnQj1KcbI\"><img loading=\"lazy\" decoding=\"async\" class=\"alignleft wp-image-141 size-full\" src=\"http:\/\/www.heidihempel.de\/hemblogski\/wp-content\/uploads\/2021\/07\/hqdefault-1.jpg\" alt=\"\" width=\"246\" height=\"138\" \/><\/a>Schreiben macht Spa\u00df. Keine Frage. Aber auch aktiv kreativ sein, zum Beispiel beim Kochen oder N\u00e4hen, ist ebenfalls super. Und deshalb dachten wir: Warum nicht ein YouTube-Studio f\u00fcr meine N\u00e4h-Projekte einrichten? Dann kann man das einfach gleich mit aufzeichnen. Wenn man eh schon mal dran ist?!<\/p>\n<p>Also gesagt und getan und schon ein paar kurze Wochen sp\u00e4ter war ein Studio mit Fernsehlicht und vier verschiedenen aktiven Kamerapositionen eingerichtet. Nat\u00fcrlich (f\u00fcr sp\u00e4tere Livestreams) auch mit der entsprechenden Mikrofonie und Kameraregie ausgestattet. Ja und nat\u00fcrlich sind auch entsprechende Vorschau-Monitore und Bildschirme f\u00fcr Chat und Stream vorhanden.<\/p>\n<p><a href=\"https:\/\/youtu.be\/xkXJX0VXoFw\"><img loading=\"lazy\" decoding=\"async\" class=\"alignleft wp-image-144 size-full\" src=\"http:\/\/www.heidihempel.de\/hemblogski\/wp-content\/uploads\/2021\/07\/ergebniskissen.jpg\" alt=\"\" width=\"246\" height=\"138\" \/><\/a>Auf Youtube gibt es bereits die ersten Projekte zu sehen. Diese wurden mit einer Kamera aufgezeichnet und nachvertont. Ein spannender und manchmal auch sehr anstrengender Vorgang, der aber unheimlich Spa\u00df macht. Das Team im Hintergrund schneidet dann und macht den Film dann fertig f\u00fcrs Netz. Auf YouTube konzentriere ich mich unter dem Namen &#8222;Heidis Hobbies&#8220; zun\u00e4chst auf die N\u00e4herei. Sp\u00e4ter sollen dann auch Kochen und Dekorationen dazukommen. Zum Kanal gelangst Du \u00fcber diesen <a href=\"https:\/\/www.youtube.com\/channel\/UCMS4vdVFZpDIveHBRuY60hQ\">LINK<\/a> oder durch einen Klick auf das Youtube-Logo.<\/p>\n<p><a href=\"https:\/\/www.youtube.com\/channel\/UCMS4vdVFZpDIveHBRuY60hQ\"><img loading=\"lazy\" decoding=\"async\" class=\"aligncenter wp-image-146 size-medium\" src=\"http:\/\/www.heidihempel.de\/hemblogski\/wp-content\/uploads\/2021\/07\/yt_logo_rgb_light-300x67.png\" alt=\"\" width=\"300\" height=\"67\" srcset=\"https:\/\/www.heidihempel.de\/hemblogski\/wp-content\/uploads\/2021\/07\/yt_logo_rgb_light-300x67.png 300w, https:\/\/www.heidihempel.de\/hemblogski\/wp-content\/uploads\/2021\/07\/yt_logo_rgb_light-768x172.png 768w, https:\/\/www.heidihempel.de\/hemblogski\/wp-content\/uploads\/2021\/07\/yt_logo_rgb_light.png 794w\" sizes=\"auto, (max-width: 300px) 100vw, 300px\" \/><\/a><\/p>\n","protected":false},"excerpt":{"rendered":"<p>Schreiben macht Spa\u00df. Keine Frage. Aber auch aktiv kreativ sein, zum Beispiel beim Kochen oder N\u00e4hen, ist ebenfalls super. Und deshalb dachten wir: Warum nicht ein YouTube-Studio f\u00fcr meine N\u00e4h-Projekte einrichten? Dann kann man das einfach gleich mit aufzeichnen. Wenn &hellip; <a class=\"more-link\" href=\"https:\/\/www.heidihempel.de\/hemblogski\/?page_id=136\">Weiterlesen <span class=\"meta-nav\">&rarr;<\/span><\/a><\/p>\n","protected":false},"author":1,"featured_media":0,"parent":0,"menu_order":0,"comment_status":"closed","ping_status":"closed","template":"","meta":{"footnotes":""},"class_list":["post-136","page","type-page","status-publish","hentry"],"_links":{"self":[{"href":"https:\/\/www.heidihempel.de\/hemblogski\/index.php?rest_route=\/wp\/v2\/pages\/136","targetHints":{"allow":["GET"]}}],"collection":[{"href":"https:\/\/www.heidihempel.de\/hemblogski\/index.php?rest_route=\/wp\/v2\/pages"}],"about":[{"href":"https:\/\/www.heidihempel.de\/hemblogski\/index.php?rest_route=\/wp\/v2\/types\/page"}],"author":[{"embeddable":true,"href":"https:\/\/www.heidihempel.de\/hemblogski\/index.php?rest_route=\/wp\/v2\/users\/1"}],"replies":[{"embeddable":true,"href":"https:\/\/www.heidihempel.de\/hemblogski\/index.php?rest_route=%2Fwp%2Fv2%2Fcomments&post=136"}],"version-history":[{"count":9,"href":"https:\/\/www.heidihempel.de\/hemblogski\/index.php?rest_route=\/wp\/v2\/pages\/136\/revisions"}],"predecessor-version":[{"id":171,"href":"https:\/\/www.heidihempel.de\/hemblogski\/index.php?rest_route=\/wp\/v2\/pages\/136\/revisions\/171"}],"wp:attachment":[{"href":"https:\/\/www.heidihempel.de\/hemblogski\/index.php?rest_route=%2Fwp%2Fv2%2Fmedia&parent=136"}],"curies":[{"name":"wp","href":"https:\/\/api.w.org\/{rel}","templated":true}]}}