{"id":226,"date":"2023-09-24T12:41:37","date_gmt":"2023-09-24T10:41:37","guid":{"rendered":"https:\/\/www.heidihempel.de\/hemblogski\/?page_id=226"},"modified":"2023-09-24T12:46:41","modified_gmt":"2023-09-24T10:46:41","slug":"gruen","status":"publish","type":"page","link":"https:\/\/www.heidihempel.de\/hemblogski\/?page_id=226","title":{"rendered":"Gr\u00fcn"},"content":{"rendered":"<p style=\"text-align: center;\"><strong>Achtung, Kunst!<\/strong><\/p>\n<blockquote><p>&#8222;Gr\u00fcn, gr\u00fcn, gr\u00fcn sind alle meine Kleider <br aria-hidden=\"true\" \/>Gr\u00fcn, gr\u00fcn, gr\u00fcn ist alles was ich hab <br aria-hidden=\"true\" \/>Darum lieb ich alles, was so gr\u00fcn ist&#8230;&#8220;<\/p><\/blockquote>\n<p>&#8230;so hei\u00dft es in einem sehr bekannten Volkslied aus dem 19. Jahrhundert. Und dieses Lied spornte mich an, die zum Teil mit unversch\u00e4mten Preisen belegten &#8222;gr\u00fcnen Bilder&#8220; nachzuempfinden. Und siehe da: Es braucht keine 3900,- \u20ac f\u00fcr ein 60&#215;40 cm gro\u00dfes Bild! Wer solche Preise (schon im Netz gesehen!) verlangt, ist ein Betr\u00fcger. Punkt.<\/p>\n<p><strong>Hier meine Varianten:<\/strong><\/p>\n\n\t\t<style type=\"text\/css\">\n\t\t\t#gallery-1 {\n\t\t\t\tmargin: auto;\n\t\t\t}\n\t\t\t#gallery-1 .gallery-item {\n\t\t\t\tfloat: left;\n\t\t\t\tmargin-top: 10px;\n\t\t\t\ttext-align: center;\n\t\t\t\twidth: 33%;\n\t\t\t}\n\t\t\t#gallery-1 img {\n\t\t\t\tborder: 2px solid #cfcfcf;\n\t\t\t}\n\t\t\t#gallery-1 .gallery-caption {\n\t\t\t\tmargin-left: 0;\n\t\t\t}\n\t\t\t\/* see gallery_shortcode() in wp-includes\/media.php *\/\n\t\t<\/style>\n\t\t<div id='gallery-1' class='gallery galleryid-226 gallery-columns-3 gallery-size-medium'><dl class='gallery-item'>\n\t\t\t<dt class='gallery-icon portrait'>\n\t\t\t\t<a href='https:\/\/www.heidihempel.de\/hemblogski\/?attachment_id=230'><img loading=\"lazy\" decoding=\"async\" width=\"225\" height=\"300\" src=\"https:\/\/www.heidihempel.de\/hemblogski\/wp-content\/uploads\/2023\/09\/IMG_3543@0.5x-225x300.jpg\" class=\"attachment-medium size-medium\" alt=\"\" aria-describedby=\"gallery-1-230\" srcset=\"https:\/\/www.heidihempel.de\/hemblogski\/wp-content\/uploads\/2023\/09\/IMG_3543@0.5x-225x300.jpg 225w, https:\/\/www.heidihempel.de\/hemblogski\/wp-content\/uploads\/2023\/09\/IMG_3543@0.5x-768x1024.jpg 768w, https:\/\/www.heidihempel.de\/hemblogski\/wp-content\/uploads\/2023\/09\/IMG_3543@0.5x-1152x1536.jpg 1152w, https:\/\/www.heidihempel.de\/hemblogski\/wp-content\/uploads\/2023\/09\/IMG_3543@0.5x.jpg 1512w\" sizes=\"auto, (max-width: 225px) 100vw, 225px\" \/><\/a>\n\t\t\t<\/dt>\n\t\t\t\t<dd class='wp-caption-text gallery-caption' id='gallery-1-230'>\n\t\t\t\t95 x 65 cm\n\t\t\t\t<\/dd><\/dl><dl class='gallery-item'>\n\t\t\t<dt class='gallery-icon landscape'>\n\t\t\t\t<a href='https:\/\/www.heidihempel.de\/hemblogski\/?attachment_id=229'><img loading=\"lazy\" decoding=\"async\" width=\"300\" height=\"225\" src=\"https:\/\/www.heidihempel.de\/hemblogski\/wp-content\/uploads\/2023\/09\/IMG_3533@0.5x-300x225.jpg\" class=\"attachment-medium size-medium\" alt=\"\" aria-describedby=\"gallery-1-229\" srcset=\"https:\/\/www.heidihempel.de\/hemblogski\/wp-content\/uploads\/2023\/09\/IMG_3533@0.5x-300x225.jpg 300w, https:\/\/www.heidihempel.de\/hemblogski\/wp-content\/uploads\/2023\/09\/IMG_3533@0.5x-1024x768.jpg 1024w, https:\/\/www.heidihempel.de\/hemblogski\/wp-content\/uploads\/2023\/09\/IMG_3533@0.5x-768x576.jpg 768w, https:\/\/www.heidihempel.de\/hemblogski\/wp-content\/uploads\/2023\/09\/IMG_3533@0.5x-1536x1152.jpg 1536w, https:\/\/www.heidihempel.de\/hemblogski\/wp-content\/uploads\/2023\/09\/IMG_3533@0.5x.jpg 2016w\" sizes=\"auto, (max-width: 300px) 100vw, 300px\" \/><\/a>\n\t\t\t<\/dt>\n\t\t\t\t<dd class='wp-caption-text gallery-caption' id='gallery-1-229'>\n\t\t\t\t52 x 52 cm\n\t\t\t\t<\/dd><\/dl>\n\t\t\t<br style='clear: both' \/>\n\t\t<\/div>\n\n<p>Und beileibe, die kosten keine 3900,- \u20ac! Nur einen Bilderrahmen, etwas Zeit und Hei\u00dfkleber. Sieht bestimmt auch in Deinem Flur cool aus.<\/p>\n<p>&nbsp;<\/p>\n","protected":false},"excerpt":{"rendered":"<p>Achtung, Kunst! &#8222;Gr\u00fcn, gr\u00fcn, gr\u00fcn sind alle meine Kleider Gr\u00fcn, gr\u00fcn, gr\u00fcn ist alles was ich hab Darum lieb ich alles, was so gr\u00fcn ist&#8230;&#8220; &#8230;so hei\u00dft es in einem sehr bekannten Volkslied aus dem 19. Jahrhundert. Und dieses Lied &hellip; <a class=\"more-link\" href=\"https:\/\/www.heidihempel.de\/hemblogski\/?page_id=226\">Weiterlesen <span class=\"meta-nav\">&rarr;<\/span><\/a><\/p>\n","protected":false},"author":1,"featured_media":0,"parent":0,"menu_order":0,"comment_status":"closed","ping_status":"closed","template":"","meta":{"footnotes":""},"class_list":["post-226","page","type-page","status-publish","hentry"],"_links":{"self":[{"href":"https:\/\/www.heidihempel.de\/hemblogski\/index.php?rest_route=\/wp\/v2\/pages\/226","targetHints":{"allow":["GET"]}}],"collection":[{"href":"https:\/\/www.heidihempel.de\/hemblogski\/index.php?rest_route=\/wp\/v2\/pages"}],"about":[{"href":"https:\/\/www.heidihempel.de\/hemblogski\/index.php?rest_route=\/wp\/v2\/types\/page"}],"author":[{"embeddable":true,"href":"https:\/\/www.heidihempel.de\/hemblogski\/index.php?rest_route=\/wp\/v2\/users\/1"}],"replies":[{"embeddable":true,"href":"https:\/\/www.heidihempel.de\/hemblogski\/index.php?rest_route=%2Fwp%2Fv2%2Fcomments&post=226"}],"version-history":[{"count":7,"href":"https:\/\/www.heidihempel.de\/hemblogski\/index.php?rest_route=\/wp\/v2\/pages\/226\/revisions"}],"predecessor-version":[{"id":236,"href":"https:\/\/www.heidihempel.de\/hemblogski\/index.php?rest_route=\/wp\/v2\/pages\/226\/revisions\/236"}],"wp:attachment":[{"href":"https:\/\/www.heidihempel.de\/hemblogski\/index.php?rest_route=%2Fwp%2Fv2%2Fmedia&parent=226"}],"curies":[{"name":"wp","href":"https:\/\/api.w.org\/{rel}","templated":true}]}}